{"id":249,"date":"2024-10-31T23:10:27","date_gmt":"2024-10-31T23:10:27","guid":{"rendered":"https:\/\/services.conferences.computer.org\/2025\/?page_id=249"},"modified":"2025-06-23T23:49:19","modified_gmt":"2025-06-23T23:49:19","slug":"icws-organizers","status":"publish","type":"page","link":"https:\/\/services.conferences.computer.org\/2025\/icws-organizers\/","title":{"rendered":"ICWS Organizers"},"content":{"rendered":"\t\t<div data-elementor-type=\"wp-page\" data-elementor-id=\"249\" class=\"elementor elementor-249\" data-elementor-post-type=\"page\">\n\t\t\t\t<div class=\"elementor-element elementor-element-203eb7b8 e-flex e-con-boxed e-con e-parent\" data-id=\"203eb7b8\" data-element_type=\"container\" data-e-type=\"container\" data-settings=\"{&quot;background_background&quot;:&quot;classic&quot;}\">\n\t\t\t\t\t<div class=\"e-con-inner\">\n\t\t<div class=\"elementor-element elementor-element-5cb277bd e-con-full e-flex e-con e-child\" data-id=\"5cb277bd\" data-element_type=\"container\" data-e-type=\"container\">\n\t\t\t\t<div class=\"elementor-element elementor-element-3d96d8b2 elementor-widget elementor-widget-text-editor\" data-id=\"3d96d8b2\" data-element_type=\"widget\" data-e-type=\"widget\" data-widget_type=\"text-editor.default\">\n\t\t\t\t<div class=\"elementor-widget-container\">\n\t\t\t\t\t\t\t\t\t<h5><strong>Part of the 2025 IEEE World Congress on SERVICES<\/strong><\/h5><h5><strong>July 7-12<\/strong><br \/><strong>Helsinki, Finland<\/strong><\/h5>\t\t\t\t\t\t\t\t<\/div>\n\t\t\t\t<\/div>\n\t\t\t\t<div class=\"elementor-element elementor-element-5f43bffc elementor-button-info elementor-align-center elementor-widget elementor-widget-button\" data-id=\"5f43bffc\" data-element_type=\"widget\" data-e-type=\"widget\" data-widget_type=\"button.default\">\n\t\t\t\t<div class=\"elementor-widget-container\">\n\t\t\t\t\t\t\t\t\t<div class=\"elementor-button-wrapper\">\n\t\t\t\t\t<a class=\"elementor-button elementor-button-link elementor-size-sm\" href=\"https:\/\/services.conferences.computer.org\/2025\/icws\">\n\t\t\t\t\t\t<span class=\"elementor-button-content-wrapper\">\n\t\t\t\t\t\t\t\t\t<span class=\"elementor-button-text\">Home<\/span>\n\t\t\t\t\t<\/span>\n\t\t\t\t\t<\/a>\n\t\t\t\t<\/div>\n\t\t\t\t\t\t\t\t<\/div>\n\t\t\t\t<\/div>\n\t\t\t\t<div class=\"elementor-element elementor-element-fea2c09 elementor-button-info elementor-align-center elementor-widget elementor-widget-global elementor-global-574 elementor-widget-button\" data-id=\"fea2c09\" data-element_type=\"widget\" data-e-type=\"widget\" data-widget_type=\"button.default\">\n\t\t\t\t<div class=\"elementor-widget-container\">\n\t\t\t\t\t\t\t\t\t<div class=\"elementor-button-wrapper\">\n\t\t\t\t\t<a class=\"elementor-button elementor-button-link elementor-size-sm\" href=\"https:\/\/services.conferences.computer.org\/2025\/icws\/icws-program\">\n\t\t\t\t\t\t<span class=\"elementor-button-content-wrapper\">\n\t\t\t\t\t\t\t\t\t<span class=\"elementor-button-text\">ICWS Program<\/span>\n\t\t\t\t\t<\/span>\n\t\t\t\t\t<\/a>\n\t\t\t\t<\/div>\n\t\t\t\t\t\t\t\t<\/div>\n\t\t\t\t<\/div>\n\t\t\t\t<div class=\"elementor-element elementor-element-51db7a1 elementor-button-info elementor-align-center elementor-widget elementor-widget-global elementor-global-297 elementor-widget-button\" data-id=\"51db7a1\" data-element_type=\"widget\" data-e-type=\"widget\" data-widget_type=\"button.default\">\n\t\t\t\t<div class=\"elementor-widget-container\">\n\t\t\t\t\t\t\t\t\t<div class=\"elementor-button-wrapper\">\n\t\t\t\t\t<a class=\"elementor-button elementor-button-link elementor-size-sm\" href=\"https:\/\/services.conferences.computer.org\/2025\/icws-symposium-graph-data-mining-for-services\/\">\n\t\t\t\t\t\t<span class=\"elementor-button-content-wrapper\">\n\t\t\t\t\t\t\t\t\t<span class=\"elementor-button-text\">Symposium: Graph Data Mining for Services<\/span>\n\t\t\t\t\t<\/span>\n\t\t\t\t\t<\/a>\n\t\t\t\t<\/div>\n\t\t\t\t\t\t\t\t<\/div>\n\t\t\t\t<\/div>\n\t\t\t\t<div class=\"elementor-element elementor-element-5ac29e5d elementor-button-info elementor-align-center elementor-widget elementor-widget-button\" data-id=\"5ac29e5d\" data-element_type=\"widget\" data-e-type=\"widget\" data-widget_type=\"button.default\">\n\t\t\t\t<div class=\"elementor-widget-container\">\n\t\t\t\t\t\t\t\t\t<div class=\"elementor-button-wrapper\">\n\t\t\t\t\t<a class=\"elementor-button elementor-button-link elementor-size-sm\" href=\"https:\/\/services.conferences.computer.org\/2025\/icws\/icws-call-for-papers\">\n\t\t\t\t\t\t<span class=\"elementor-button-content-wrapper\">\n\t\t\t\t\t\t\t\t\t<span class=\"elementor-button-text\">Call for Papers<\/span>\n\t\t\t\t\t<\/span>\n\t\t\t\t\t<\/a>\n\t\t\t\t<\/div>\n\t\t\t\t\t\t\t\t<\/div>\n\t\t\t\t<\/div>\n\t\t\t\t<div class=\"elementor-element elementor-element-31cb29e1 elementor-button-info elementor-align-center elementor-widget elementor-widget-button\" data-id=\"31cb29e1\" data-element_type=\"widget\" data-e-type=\"widget\" data-widget_type=\"button.default\">\n\t\t\t\t<div class=\"elementor-widget-container\">\n\t\t\t\t\t\t\t\t\t<div class=\"elementor-button-wrapper\">\n\t\t\t\t\t<a class=\"elementor-button elementor-button-link elementor-size-sm\" href=\"https:\/\/services.conferences.computer.org\/2025\/icws\/icws-organizers\/\">\n\t\t\t\t\t\t<span class=\"elementor-button-content-wrapper\">\n\t\t\t\t\t\t\t\t\t<span class=\"elementor-button-text\">ICWS Organizers<\/span>\n\t\t\t\t\t<\/span>\n\t\t\t\t\t<\/a>\n\t\t\t\t<\/div>\n\t\t\t\t\t\t\t\t<\/div>\n\t\t\t\t<\/div>\n\t\t\t\t<\/div>\n\t\t<div class=\"elementor-element elementor-element-570b9462 e-con-full e-flex e-con e-child\" data-id=\"570b9462\" data-element_type=\"container\" data-e-type=\"container\">\n\t\t\t\t<div class=\"elementor-element elementor-element-7172965 elementor-widget elementor-widget-heading\" data-id=\"7172965\" data-element_type=\"widget\" data-e-type=\"widget\" data-widget_type=\"heading.default\">\n\t\t\t\t<div class=\"elementor-widget-container\">\n\t\t\t\t\t<h2 class=\"elementor-heading-title elementor-size-default\">ICWS 2025 - ORGANIZERS<\/h2>\t\t\t\t<\/div>\n\t\t\t\t<\/div>\n\t\t\t\t<div class=\"elementor-element elementor-element-71d81294 elementor-widget elementor-widget-text-editor\" data-id=\"71d81294\" data-element_type=\"widget\" data-e-type=\"widget\" data-widget_type=\"text-editor.default\">\n\t\t\t\t<div class=\"elementor-widget-container\">\n\t\t\t\t\t\t\t\t\t<p><strong>General Chairs<\/strong><br \/>Boualem Benatallah, Dublin City University<br \/>Zhongjie Wang, Harbin Institute of Technology<\/p><p><strong>Program Chairs<\/strong><br \/>Amin Beheshti, Macquarie University<br \/>Bo Cheng, BUPT<br \/>Walid Gaaloul, Telecom SudParis<\/p><p><strong>Publicity Chairs<\/strong><br \/>Sami Yangui, <span data-sheets-root=\"1\">INSTA Toulouse, France<\/span><br \/>Zhangbing Zhou, <span data-sheets-root=\"1\">China University of Geosciences (Beijing)<\/span><\/p><hr \/><p><strong>IEEE World Congress on SERVICES &#8211; Steering Committee<br \/><\/strong>Rong N. Chang, IBM Research, Yorktown (Chair)<br \/>Carl K. Chang, Iowa State University (Chair Emeritus)<br \/>Elisa Bertino, Purdue University<br \/>Peter Chen, Carnegie Mellon University<br \/>Ernesto Damiani, University of Milan<br \/>Sumi Helal, University of Florida<br \/>Hong Mei, Peking University<br \/>Dejan Milojicic, Hewlett Packard Labs<br \/>Dennis Gannon, Indiana University<br \/>Frank Leymann, University of Stuttgart<br \/>Stephen S. Yau, Arizona State University<\/p><hr \/><p><strong>Senior Program Committee<br \/><\/strong>Marco Aiello, University of Stuttgart<br \/>Alessandro Aldini, University of Urbino &#8220;Carlo Bo&#8221;<br \/>Claudio Agostino Ardagna, Universita&#8217; degli Studi di Milano &#8211; Dipartimento di Informatica<br \/>Ladjel Bellatreche, LIAS\/ENSMA<br \/>Salima Benbernou, Universit\u00e9 Paris Cit\u00e9<br \/>Luiz F. Bittencourt, University of Campinas<br \/>Athman Bouguettaya, The University of Sydney<br \/>Asif Gill, University of Technology, Sydney<br \/>Daniela Grigori, Laboratoire LAMSADE, University Paris-Dauphine<br \/>Mohamed Jmaiel, University of Sfax<br \/>Li Kuang, Central South University<br \/>Massimo La Morgia, Sapienza University of Rome<br \/>Rongheng Lin, Beijing University of Posts and Telecommunications<br \/>Cong Liu, Shandong University of Science and Technology<br \/>Ying Liu, Northeastern University<br \/>Xiao Ma, Beijing University of Posts and Telecommunications<br \/>Yutao Ma, Central China Normal University<br \/>Massimo Mecella, Sapienza Universit\u00e0 di Roma<br \/>Alessandro Mei, Sapienza University of Rome<br \/>Lianyong Qi, China University of Petroleum (East China)<br \/>Daniel Rodriguez, The University of Alcal\u00e1<br \/>Carlos Rodr\u00edguez-Dom\u00ednguez, University of Granada<br \/>Andreas S. Andreou, Cyprus University of Technology<br \/>Michael Sheng, Macquarie University<br \/>Wei Song, Nanjing University of Science and Technology<br \/>Guiling Wang, North China University of Technology<br \/>Y.N. Xia, Chongqing University<br \/>Qi Yu, Rochester Institute of Technology<br \/>Pengcheng Zhang, Hohai University<br \/>Zhangbing Zhou, CUG Beijing<\/p>\t\t\t\t\t\t\t\t<\/div>\n\t\t\t\t<\/div>\n\t\t\t\t<div class=\"elementor-element elementor-element-f85f33a elementor-widget elementor-widget-text-editor\" data-id=\"f85f33a\" data-element_type=\"widget\" data-e-type=\"widget\" data-widget_type=\"text-editor.default\">\n\t\t\t\t<div class=\"elementor-widget-container\">\n\t\t\t\t\t\t\t\t\t<p style=\"text-align: left\"><strong>Program Committee<br \/><\/strong>Tooba Aamir, CSIRO, Data61<br \/>Manel Abdellatif, \u00c9cole de Technologue Sup\u00e9rieure<br \/>Amani Abusafia, University of Sydney<br \/>Mehdi Acheli, Telecom SudParis<br \/>Abdulatif Alabdulatif, Qassim university<br \/>Abdullah Alfazi, Prince Sattam bin Abdulaziz University<br \/>Ahoud Alhazmi, Umm Al-Qura University<br \/>Asma Alkalbani, University of Technology and Applied Sciences<br \/>Balsam Alkouz, The University of Sydney<br \/>Ansuman Banerjee, Indian Statistical Institute<br \/>Frederique Biennier, LIRIS &#8211; INSA Lyon<br \/>Ismael Bouassida Rodriguez, LAAS-CNRS<br \/>Juan Boubeta-Puig, University of C\u00e1diz<br \/>Hayet Brabra, TSP<br \/>Lars Braubach, City University of Bremen<br \/>Antonio Brogi, Universit\u00e0 di Pisa<br \/>Christoph Bussler, &#8230;<br \/>Zhicheng Cai, Nanjing University of science and technology<br \/>Bin Cao, College of Computer Science and Technology, Zhejiang University of Technology<br \/>Jian Cao, Shanghai Jiao Tong University<br \/>Dipankar Chaki, University of New South Wales<br \/>Li Changbao, State Key laboratory of Networking and Switching Technology Beijing University of Posts &amp; Telecomm<br \/>Fran\u00e7ois Charoy, Universit\u00e9 de Lorraine &#8211; LORIA &#8211; Inria<br \/>Soumi Chattopadhyay, Indian Institute of Technology Indore<br \/>Sanjay Chaudhary, School of Engineering and Applied Science, Ahmedabad University<br \/>Chaochao Chen, Zhejiang University<br \/>Feifei Chen, Deakin University<br \/>Huaming Chen, The University of Sydney<br \/>Pengfei Chen, Sun Yat-sen University<br \/>Shizhan Chen, Tianjin University<br \/>Tao Chen, University of Birmingham<br \/>Wei Chen, Institute of Software Chinese Academy of Sciences<br \/>Xing Chen, Fuzhou University<br \/>Guangming Cui, Nanjing University of Information Science and Technology<br \/>Lizhen Cui, School of Computer Science and Technology, Shandong University, Jinan, P. R. China<br \/>Alexandre da Silva Veith, Nokia Bell Labs<br \/>Guglielmo De Angelis, IASI-CNR<br \/>Valeria De Castro, Universidad Rey Juan Carlos<br \/>Flavio De Paoli, Universita&#8217; Milano Bicocca<br \/>Luigi De Simone, University of Naples Federico II<br \/>Andrea Delgado, Instituto de Computaci\u00f3n, Facultad de Ingenier\u00eda, Universidad de la Rep\u00fablica<br \/>Raffaele Della Corte, Universit\u00e0 degli Studi di Napoli Federico II<br \/>Shuiguang Deng, Zhejiang University<br \/>Niranjana Deshpande, Rochester Institute of Technology<br \/>Daniele Di Pompeo, University of L&#8217;Aquila<br \/>Amleto Di Salle, Gran Sasso Science Institute<br \/>Chen Ding, Toronto Metropolitan University<br \/>Chuntao Ding, Beijing Jiaotong University<br \/>Weilong Ding, Research Center for Cloud Computing, North China University of Technology<br \/>Zhijun Ding, Tongji University<br \/>Hai Dong, RMIT University<br \/>Li Duan, Beijing Jiaotong University<br \/>Qiang Duan, The Pennsylvania State University<br \/>Schahram Dustdar, Vienna University of Technology<br \/>Gregorio D\u00edaz, University of Castilla &#8211; La Mancha<br \/>Joyce El Haddad, Universit\u00e9 Paris Dauphine &#8211; Lamsade<br \/>Marwa Elleuch, Orange Labs<br \/>Rik Eshuis, Eindhoven University of Technology<br \/>Onyeka Ezenwoye, Augusta University<br \/>Nora Faci, Universit\u00e9 Lyon 1<br \/>Marcelo Fantinato, University of S\u00e3o Paulo<br \/>Sheik Mohammad Mostakim Fattah, School of Electrical Engineering, Computing and Mathematical Sciences, Curtin University, Australia<br \/>Yimeng Feng, Macquarie University<br \/>Zhiyong Feng, Tianjin University<br \/>Pablo Fernandez, University of Seville<br \/>Afonso Ferreira, CNRS &#8211; Institut de Recherches en Informatique de Toulouse<br \/>Joao Eduardo Ferreira, University of S\u00e3o Paulo<br \/>Xiang Fu, Hofstra University<br \/>Zhipeng Gao, Beijing University of Posts and Telecommunications<br \/>Jose Garcia-Alonso, University of Extremadura<br \/>Jos\u00e9 Mar\u00eda Garc\u00eda, University of Seville<br \/>Jidong Ge, Software Institute, Nanjing University<br \/>Ilche Georgievski, University of Stuttgart<br \/>Azadeh Ghari Neiat, The University of Queensland<br \/>Luca Giamattei, Universit\u00e0 di Napoli Federico II<br \/>Mohamed Graiet, ISIM Monastir<br \/>Georg Grossmann, University of South Australia<br \/>Nawal Guermouche, INSA of Toulouse, LAAS-CNRS<br \/>Allel Hadjali, LIAS\/ENSMA<br \/>Qiang He, Department of Computing Technologies, Swinburne University of Technology<br \/>Xiang He, Harbin Institute of Technology<br \/>Gerhard Hellstern, DHBW Stuttgart<br \/>Shoulu Hou, Beijing Information Science and Technology University<br \/>Bing Huang, The University of Sydney<br \/>Huawei Huang, Sun Yat-Sen University, China<br \/>Jiwei Huang, China University of Petroleum &#8211; Beijing<br \/>Ludovico Iovino, Gran Sasso Science Institute, L&#8217;Aquila<br \/>Fuyuki Ishikawa, National Institute of Informatics<br \/>Imen Jerbi, Telecom SudParis<br \/>Tong Jia, Peking University<br \/>Slim Kallel, University of Sfax<br \/>Georgia Kapitsaki, University of Cyprus<br \/>Mohamed Essaid Khanouche, UCBL, LIRIS UMR 5205 CNRS, 69100 Villeurbanne, France<br \/>Kais Klai, University of Paris13<br \/>Lanju Kong, Shandong University<br \/>Daniel Krutz, Rochester Institute of Technology<br \/>Dr Sandeep Kumar, Indian Institute of Technology Roorkee<br \/>Abdallah Lakhdari, The University of Sydney<br \/>Chung Lawrence, University of Texas at Dallas<br \/>Bing Li, International School of Software Engineering\uff0cWuhan University<br \/>Dan Li, Sun Yat-Sen University<br \/>Qing Li, Peking University<br \/>Weiping Li, Peking University<br \/>Ying Li, Zhejiang University<br \/>Donghui Lin, Okayama University<br \/>An Liu, Soochow University, Suzhou, China<br \/>Jialei Liu, the Computer School, Hubei University of Arts and Science<br \/>Mingyi Liu, Harbin Institute of Technology<br \/>Peiyu Liu, Zhejiang University<br \/>Xiao Liu, Deakin University<br \/>Xuan Liu, Minzu University of China<br \/>Xumin Liu, Rochester Institute of Technology<br \/>Zhizhong Liu, Henan Polytechnic University<br \/>Chengzhi Lu, Shenzhen Institutes of Advanced Technology, Chinese Academy of Sciences<br \/>Zhihui Lu, School of Computer Science, Fudan University<br \/>Haoyu Luo, South China Agricultural University<br \/>Hongtao Lv, Shandong University<br \/>Hui Ma, School of Engineering and Computer Science, Victoria University of Wellington<br \/>Adnan Mahmood, Macquarie University<br \/>Amel Mammar, Telecom SudParis<br \/>Jeremy Mechouche, DEVOTEAM<br \/>Nizar Messai, LI &#8211; Universit\u00e9 Fran\u00e7ois Rabelais Tours<br \/>Sumaira Sultan Minhas, The University of Manchester<br \/>Sajib Mistry, Curtin University<br \/>Mohamed Wiem Mkaouer, University of Michigan-Flint<br \/>Lars Moench, University of Hagen, Department of Mathematics and Computer Science<br \/>Michael Mrissa, InnoRenew CoE, University of Primorska<br \/>Juan Manuel Murillo, University of Extremadura<br \/>Bahareh Nakisa, Deakin University<br \/>Nanjangud Narendra, Ericsson<br \/>Talal H. Noor, Taibah University<br \/>Weifeng Pan, School of Computer Science and Information Engineering, Zhejiang Gongshang University<br \/>Cesare Pautasso, University of Lugano, Switzerland<br \/>Kai Peng, Huaqiao University<br \/>Qinglan Peng, Henan University<br \/>Ernesto Pimentel, University of Malaga<br \/>Pierluigi Plebani, Politecnico di Milano<br \/>Qiang Qu, Shenzhen Institutes of Advanced Technology<br \/>Fethi Rabhi, The University of New South Wales<br \/>M. Mustafa Rafique, Rochester Institute of Technology<br \/>Enayat Rajabi, Dalhousie University<br \/>Manuel Resinas, University of Seville<br \/>Antonio Ruiz-Cort\u00e9s, University of Seville<br \/>Stefano Russo, University of Naples Federico II<br \/>Subhash Sagar, UIT University<br \/>Chunyan Sang, Chongqing University of Posts and Telecommunications<br \/>Lionel Seinturier, University of Lille<br \/>Mohamed Sellami, Telecom SudParis, France.<br \/>Ricky Sethi, Fitchburg State University<br \/>Babar Shahzaad, Queensland University of Technology<br \/>Jun Shen, University of Wollongong<br \/>Weishi Shi, University of North Texas<br \/>Yanjun Shu, Harbin Institute of Technology<br \/>Sarah Siddiqui, CSIRO<br \/>Zheng Song, University of Michigan at Dearborn<br \/>Jianwen Su, University of California at Santa Barbara<br \/>Chang-Ai Sun, University of Science and Technology Beijing<br \/>Yanchun Sun, Peking University<br \/>Yanchao Tan, Fuzhou University<br \/>Mingdong Tang, Guangdong University of Foreign Studies<br \/>Bedir Tekinerdogan, Wageningen University<br \/>Chouki Tibermacine, University of Montpellier<br \/>Eli Tilevich, Virginia Tech<br \/>Adel N. Toosi, Monash University<br \/>Zhiying Tu, Harbin Institute of Technology China<br \/>Genoveva Vargas-Solar, Laboratoire d&#8217;InfoRmatique en Image et Syst\u00e8mes d&#8217;information<br \/>Chao Wang, University of Science and Technology of China<br \/>Dongjing Wang, Hangzhou Dianzi University<br \/>Hongbing Wang, southeast university<br \/>Jian Wang, wuhan university<br \/>Lei Wang, Nanjing Forestry University<br \/>Pengwei Wang, Donghua University<br \/>Puwei Wang, Renmin University of China<br \/>Shaohua Wang, New Jersey Institute of Technology<br \/>Shuang Wang, Southeast University<br \/>Xianzhi Wang, University of Technology, Sydney<br \/>Xu Wang, Hebei University of Technology<br \/>Yingjie Wang, Yantai University<br \/>Chengkun Wei, Zhejiang University<br \/>Jun Wei, Technology Center of Software Engineering, Institute of Software, Chinese Academy of Sciences<br \/>Sebastian Werner, TU Berlin<br \/>Guoquan Wu, Technology Center of Software Engineering, Institute of Software, Chinese Academy of Sciences<br \/>Hongyue Wu, Tianjin University<br \/>Huaming Wu, Tianjin University<br \/>Jintao Wu, School of Software, Nanjing University of Information Science &amp;Technology, Jiangsu, Nanjing 210044, China;<br \/>Meng Xi, Zhejiang University<br \/>Hanchuan Xu, School of Computer Science&amp;Technology, Harbin Institute of Technology<br \/>Jiuyun Xu, China University of Petroleum<br \/>Xiaolong Xu, Nanjing University<br \/>Yueshen Xu, Xidian University<br \/>Xiao Xue, Tianjin University<br \/>Jian Yang, Macquarie University<br \/>Jingwei Yang, UIC, Zhuhai<br \/>Leyou Yang, Nanjing University of Information Science &amp; Technology<br \/>Sami Yangui, CNRS-LAAS<br \/>Sira Yongchareon, Auckland University of Technology<br \/>Dongjin Yu, Hangzhou Dianzi University<br \/>Jian Yu, Auckland University of Technology<br \/>Yang Yu, Department of Computer Science,Sun Yat-sen University<br \/>Dong Yuan, The University of Sydney<br \/>Munazza Zaib, Macquarie University<br \/>Gianluigi Zavattaro, Department of Computer Science and Engineering &#8211; University of Bologna &#8211; ITALY<br \/>Uwe Zdun, University of Vienna<br \/>Gaofeng Zhang, Hefei University of Technology<br \/>Haitao Zhang, bupt<br \/>Liang Zhang, Fudan University<br \/>Lingyan Zhang, Central South University<br \/>Wei Emma Zhang, The University of Adelaide<br \/>Xuyun Zhang, Macquarie University<br \/>Yang Zhang, State Key laboratory of Networking and Switching Technology, Beijing University of Posts &amp;Telecommunications<br \/>Deng Zhao, China University of Geosciences (Beijing)<br \/>Shuai Zhao, State Key laboratory of Networking and Switching Technology, Beijing University of Posts and Telecommunications<br \/>Weiliang Zhao, Macquarie University<br \/>Yuqi Zhao, China Central Normal University<br \/>Zhiming Zhao, University of Amsterdam<br \/>Xiaolin Zheng, Zhejiang University<br \/>Ao Zhou, Beijing University of Posts and Telecommunications<br \/>Nianjun Zhou, IBM<br \/>Hong Zhu, Oxford Brookes University<br \/>Yanmin Zhu, Shanghai Jiao Tong University<br \/>Christian Zirpins, Karlsruhe University of Applied Sciences<br \/>Guobing Zou, Shanghai University<\/p>\t\t\t\t\t\t\t\t<\/div>\n\t\t\t\t<\/div>\n\t\t\t\t<\/div>\n\t\t\t\t\t<\/div>\n\t\t\t\t<\/div>\n\t\t<div class=\"elementor-element elementor-element-f7f1b1f e-flex e-con-boxed e-con e-parent\" data-id=\"f7f1b1f\" data-element_type=\"container\" data-e-type=\"container\" data-settings=\"{&quot;background_background&quot;:&quot;classic&quot;}\">\n\t\t\t\t\t<div class=\"e-con-inner\">\n\t\t\t\t\t<\/div>\n\t\t\t\t<\/div>\n\t\t\t\t<\/div>\n\t\t","protected":false},"excerpt":{"rendered":"<p>Part of the 2025 IEEE World Congress on SERVICES July 7-12Helsinki, Finland Home ICWS Program Symposium: Graph Data Mining for Services Call for Papers ICWS Organizers ICWS 2025 &#8211; ORGANIZERS General ChairsBoualem Benatallah, Dublin City UniversityZhongjie Wang, Harbin Institute of Technology Program ChairsAmin Beheshti, Macquarie UniversityBo Cheng, BUPTWalid Gaaloul, Telecom SudParis Publicity ChairsSami Yangui, INSTA [&hellip;]<\/p>\n","protected":false},"author":4,"featured_media":0,"parent":0,"menu_order":0,"comment_status":"closed","ping_status":"closed","template":"","meta":{"footnotes":""},"class_list":["post-249","page","type-page","status-publish","hentry"],"featured_image_src":null,"featured_image_src_square":null,"_links":{"self":[{"href":"https:\/\/services.conferences.computer.org\/2025\/wp-json\/wp\/v2\/pages\/249","targetHints":{"allow":["GET"]}}],"collection":[{"href":"https:\/\/services.conferences.computer.org\/2025\/wp-json\/wp\/v2\/pages"}],"about":[{"href":"https:\/\/services.conferences.computer.org\/2025\/wp-json\/wp\/v2\/types\/page"}],"author":[{"embeddable":true,"href":"https:\/\/services.conferences.computer.org\/2025\/wp-json\/wp\/v2\/users\/4"}],"replies":[{"embeddable":true,"href":"https:\/\/services.conferences.computer.org\/2025\/wp-json\/wp\/v2\/comments?post=249"}],"version-history":[{"count":0,"href":"https:\/\/services.conferences.computer.org\/2025\/wp-json\/wp\/v2\/pages\/249\/revisions"}],"wp:attachment":[{"href":"https:\/\/services.conferences.computer.org\/2025\/wp-json\/wp\/v2\/media?parent=249"}],"curies":[{"name":"wp","href":"https:\/\/api.w.org\/{rel}","templated":true}]}}