{"id":536,"date":"2025-06-13T22:36:50","date_gmt":"2025-06-13T22:36:50","guid":{"rendered":"https:\/\/services.conferences.computer.org\/2025\/?page_id=536"},"modified":"2025-07-07T21:10:38","modified_gmt":"2025-07-07T21:10:38","slug":"icdh-program","status":"publish","type":"page","link":"https:\/\/services.conferences.computer.org\/2025\/icdh-program\/","title":{"rendered":"ICDH Program"},"content":{"rendered":"\t\t<div data-elementor-type=\"wp-page\" data-elementor-id=\"536\" class=\"elementor elementor-536\" data-elementor-post-type=\"page\">\n\t\t\t\t<div class=\"elementor-element elementor-element-3aaee925 e-flex e-con-boxed e-con e-parent\" data-id=\"3aaee925\" data-element_type=\"container\" data-e-type=\"container\" data-settings=\"{&quot;background_background&quot;:&quot;classic&quot;}\">\n\t\t\t\t\t<div class=\"e-con-inner\">\n\t\t<div class=\"elementor-element elementor-element-48cb82bd e-con-full e-flex e-con e-child\" data-id=\"48cb82bd\" data-element_type=\"container\" data-e-type=\"container\">\n\t\t\t\t<div class=\"elementor-element elementor-element-5aa4cad9 elementor-widget elementor-widget-text-editor\" data-id=\"5aa4cad9\" data-element_type=\"widget\" data-e-type=\"widget\" data-widget_type=\"text-editor.default\">\n\t\t\t\t<div class=\"elementor-widget-container\">\n\t\t\t\t\t\t\t\t\t<p><strong>Part of the 2025 IEEE World Congress on SERVICES<\/strong><\/p><p><strong>July 7-12<\/strong><br \/><strong>Helsinki, Finland<\/strong><\/p>\t\t\t\t\t\t\t\t<\/div>\n\t\t\t\t<\/div>\n\t\t\t\t<div class=\"elementor-element elementor-element-73691307 elementor-button-info elementor-align-center elementor-widget elementor-widget-button\" data-id=\"73691307\" data-element_type=\"widget\" data-e-type=\"widget\" data-widget_type=\"button.default\">\n\t\t\t\t<div class=\"elementor-widget-container\">\n\t\t\t\t\t\t\t\t\t<div class=\"elementor-button-wrapper\">\n\t\t\t\t\t<a class=\"elementor-button elementor-button-link elementor-size-sm\" href=\"#\">\n\t\t\t\t\t\t<span class=\"elementor-button-content-wrapper\">\n\t\t\t\t\t\t\t\t\t<span class=\"elementor-button-text\">Home<\/span>\n\t\t\t\t\t<\/span>\n\t\t\t\t\t<\/a>\n\t\t\t\t<\/div>\n\t\t\t\t\t\t\t\t<\/div>\n\t\t\t\t<\/div>\n\t\t\t\t<div class=\"elementor-element elementor-element-c8e5760 elementor-button-info elementor-align-center elementor-widget elementor-widget-global elementor-global-482 elementor-widget-button\" data-id=\"c8e5760\" data-element_type=\"widget\" data-e-type=\"widget\" data-widget_type=\"button.default\">\n\t\t\t\t<div class=\"elementor-widget-container\">\n\t\t\t\t\t\t\t\t\t<div class=\"elementor-button-wrapper\">\n\t\t\t\t\t<a class=\"elementor-button elementor-button-link elementor-size-sm\" href=\"https:\/\/services.conferences.computer.org\/2025\/icdh-program\/\">\n\t\t\t\t\t\t<span class=\"elementor-button-content-wrapper\">\n\t\t\t\t\t\t\t\t\t<span class=\"elementor-button-text\">ICDH Program<\/span>\n\t\t\t\t\t<\/span>\n\t\t\t\t\t<\/a>\n\t\t\t\t<\/div>\n\t\t\t\t\t\t\t\t<\/div>\n\t\t\t\t<\/div>\n\t\t\t\t<div class=\"elementor-element elementor-element-59c87f94 elementor-button-info elementor-align-center elementor-widget elementor-widget-button\" data-id=\"59c87f94\" data-element_type=\"widget\" data-e-type=\"widget\" data-widget_type=\"button.default\">\n\t\t\t\t<div class=\"elementor-widget-container\">\n\t\t\t\t\t\t\t\t\t<div class=\"elementor-button-wrapper\">\n\t\t\t\t\t<a class=\"elementor-button elementor-button-link elementor-size-sm\" href=\"https:\/\/services.conferences.computer.org\/2025\/icdh\/icdh-call-for-papers\">\n\t\t\t\t\t\t<span class=\"elementor-button-content-wrapper\">\n\t\t\t\t\t\t\t\t\t<span class=\"elementor-button-text\">Call for Papers<\/span>\n\t\t\t\t\t<\/span>\n\t\t\t\t\t<\/a>\n\t\t\t\t<\/div>\n\t\t\t\t\t\t\t\t<\/div>\n\t\t\t\t<\/div>\n\t\t\t\t<div class=\"elementor-element elementor-element-44250dba elementor-button-info elementor-align-center elementor-widget elementor-widget-button\" data-id=\"44250dba\" data-element_type=\"widget\" data-e-type=\"widget\" data-widget_type=\"button.default\">\n\t\t\t\t<div class=\"elementor-widget-container\">\n\t\t\t\t\t\t\t\t\t<div class=\"elementor-button-wrapper\">\n\t\t\t\t\t<a class=\"elementor-button elementor-button-link elementor-size-sm\" href=\"https:\/\/services.conferences.computer.org\/2025\/icdh-organizers\/\">\n\t\t\t\t\t\t<span class=\"elementor-button-content-wrapper\">\n\t\t\t\t\t\t\t\t\t<span class=\"elementor-button-text\">ICDH Organizers<\/span>\n\t\t\t\t\t<\/span>\n\t\t\t\t\t<\/a>\n\t\t\t\t<\/div>\n\t\t\t\t\t\t\t\t<\/div>\n\t\t\t\t<\/div>\n\t\t\t\t<\/div>\n\t\t<div class=\"elementor-element elementor-element-d9f52eb e-con-full e-flex e-con e-child\" data-id=\"d9f52eb\" data-element_type=\"container\" data-e-type=\"container\" data-settings=\"{&quot;background_background&quot;:&quot;classic&quot;}\">\n\t\t\t\t<div class=\"elementor-element elementor-element-77ebb3b elementor-widget elementor-widget-heading\" data-id=\"77ebb3b\" data-element_type=\"widget\" data-e-type=\"widget\" data-widget_type=\"heading.default\">\n\t\t\t\t<div class=\"elementor-widget-container\">\n\t\t\t\t\t<h2 class=\"elementor-heading-title elementor-size-default\">IEEE INTERNATIONAL CONFERENCE ON DIGITAL HEALTH\n<BR>\nICDH 2025 - Conference Program<\/h2>\t\t\t\t<\/div>\n\t\t\t\t<\/div>\n\t\t\t\t<div class=\"elementor-element elementor-element-5057c86 e-n-tabs-mobile elementor-widget elementor-widget-n-tabs\" data-id=\"5057c86\" data-element_type=\"widget\" data-e-type=\"widget\" data-settings=\"{&quot;horizontal_scroll&quot;:&quot;disable&quot;}\" data-widget_type=\"nested-tabs.default\">\n\t\t\t\t<div class=\"elementor-widget-container\">\n\t\t\t\t\t\t\t<div class=\"e-n-tabs\" data-widget-number=\"84245638\" aria-label=\"Tabs. Open items with Enter or Space, close with Escape and navigate using the Arrow keys.\">\n\t\t\t<div class=\"e-n-tabs-heading\" role=\"tablist\">\n\t\t\t\t\t<button id=\"e-n-tab-title-842456381\" data-tab-title-id=\"e-n-tab-title-842456381\" class=\"e-n-tab-title\" aria-selected=\"true\" data-tab-index=\"1\" role=\"tab\" tabindex=\"0\" aria-controls=\"e-n-tab-content-842456381\" style=\"--n-tabs-title-order: 1;\">\n\t\t\t\t\t\t<span class=\"e-n-tab-title-text\">\n\t\t\t\tTuesday July 8\t\t\t<\/span>\n\t\t<\/button>\n\t\t\t\t<button id=\"e-n-tab-title-842456382\" data-tab-title-id=\"e-n-tab-title-842456382\" class=\"e-n-tab-title\" aria-selected=\"false\" data-tab-index=\"2\" role=\"tab\" tabindex=\"-1\" aria-controls=\"e-n-tab-content-842456382\" style=\"--n-tabs-title-order: 2;\">\n\t\t\t\t\t\t<span class=\"e-n-tab-title-text\">\n\t\t\t\tWednesday July 9\t\t\t<\/span>\n\t\t<\/button>\n\t\t\t\t<button id=\"e-n-tab-title-842456383\" data-tab-title-id=\"e-n-tab-title-842456383\" class=\"e-n-tab-title\" aria-selected=\"false\" data-tab-index=\"3\" role=\"tab\" tabindex=\"-1\" aria-controls=\"e-n-tab-content-842456383\" style=\"--n-tabs-title-order: 3;\">\n\t\t\t\t\t\t<span class=\"e-n-tab-title-text\">\n\t\t\t\tThursday July 10\t\t\t<\/span>\n\t\t<\/button>\n\t\t\t\t\t<\/div>\n\t\t\t<div class=\"e-n-tabs-content\">\n\t\t\t\t<div id=\"e-n-tab-content-842456381\" role=\"tabpanel\" aria-labelledby=\"e-n-tab-title-842456381\" data-tab-index=\"1\" style=\"--n-tabs-title-order: 1;\" class=\"e-active elementor-element elementor-element-7a00965 e-con-full e-flex e-con e-child\" data-id=\"7a00965\" data-element_type=\"container\" data-e-type=\"container\">\n\t\t\t\t<div class=\"elementor-element elementor-element-423b277 elementor-widget elementor-widget-text-editor\" data-id=\"423b277\" data-element_type=\"widget\" data-e-type=\"widget\" data-widget_type=\"text-editor.default\">\n\t\t\t\t<div class=\"elementor-widget-container\">\n\t\t\t\t\t\t\t\t\t<p><b>ICDH-CON-S1 (Session I)<br \/><\/b><b>AI and Machine Learning for Healthcare<br \/><\/b><b>10:50 &#8211; 12:00\u00a0<br \/><\/b><b>Room F3017<br \/><\/b><b>Session Chair: Qiwei Han<\/b><\/p><p style=\"padding-left: 40px\">CDH_REG_29: <i>Real-Time Detection of Online Health Misinformation using an Integrated Knowledgegraph-LLM Approach<br \/><\/i>Ommo Clark and Karuna Joshi<\/p><p style=\"padding-left: 40px\">CDH_REG_34: <i>Enhancing Medical Training with AI-Driven Scenario Generation<br \/><\/i>Gordon Smith, Thomas Reichherzer, Ka Yan Harrison, Katalina Pho and Steven Kass<\/p><p style=\"padding-left: 40px\">CDH_REG_43: <i>Distributional Drift Detection in Medical Imaging with Sketching and Fine-Tuned Transformer<br \/><\/i>Yusen Wu, Phuong Nguyen, Rose Yesha and Yelena Yesha<\/p><p><b>ICDH-CON-S2 (Session II)<br \/><\/b><b>AI and Machine Learning for Healthcare<br \/><\/b><b>13:40 &#8211; 14:50<br \/><\/b><b>Room F3017<br \/><\/b><b>Session Chair: Bo Wen<\/b><\/p><p style=\"padding-left: 40px\">CDH_REG_45: <i>Longitudinal Ensemble Integration for sequential classification with multimodal data<br \/><\/i>Aviad Susman, Rupak Krishnamurthy, Mohammad Al Olaimat, Serdar Bozdag, Bino Varghese, Nasim Sheikh-Bahaei and Gaurav Pandey<\/p><p style=\"padding-left: 40px\">CDH_SHT_12: <i>Predicting Action Plan Adherence: A Machine Learning Approach Using Dialogue Data in Health Guidance Interviews<br \/><\/i>Eiji Kumakawa, Masami Takahashi, Taiga Sano, Kaori Fujimura, Tae Sato and Yurika Katagiri<\/p><p style=\"padding-left: 40px\">CDH_SHT_26: C-PATH: <i>Conversational Patient Assistance and Triage in Healthcare System<br \/><\/i>Qi Shi, Qiwei Han and Claudia Soares<\/p><p style=\"padding-left: 40px\">CDH_SHT_40: <i>Aligning foundation models on encoded synthetic omic data for patient stratification<br \/><\/i>Nikita Janakarajan, Antonio Foncubierta-Rodriguez and Matteo Manica<\/p><p><b>ICDH-CON-S3 (Session III)<br \/><\/b><b><\/b><b>15:10 &#8211; 16:20<br \/><\/b><b>Room F3017<br \/><\/b><b>Session Chair: TBD<\/b><\/p><p style=\"padding-left: 40px\">CDH_REG_11:<i> Predicting Glucose Levels in Diabetic Kidney Transplant Recipients Using Multivariate Temporal Modeling Across Clinically Defined Subcohorts<br \/><\/i>Carla Agurto, Eduardo Jose Castro Witting, Michael Graziano, Manqi Zhou, Italo Buleje, Shannon Downie, Brooke Barnes, Jill Rusticelli, Kelly Paulus, Bing Dang, Guillermo A. Cecchi, Vince S. Siu and M. Cecilia Langsang<\/p><p style=\"padding-left: 40px\">CDH_SHT_13: <i>Beyond the Clinic: Leveraging Speech Acoustics and Phonetics for Cognitive Monitoring in PKU<br \/><\/i>Raquel Norel, Carla Agurto, Susan E. Waisbren, Katelin Curtis, Guillermo Cecchi and Shifali Singh<\/p><p style=\"padding-left: 40px\">CDH_SHT_28: <i>Explainable Machine Learning-Based Analysis for Identifying Risk Factors of Chronic Obstructive Pulmonary Disease<br \/><\/i>Chamara Jayanath, Emilien Arnaud and Mahmoud Elbattah<\/p><p style=\"padding-left: 40px\">CDH_SHT_33:<i> Perspectives, Dilemmas, and Guidelines in Patient-Centered Cervical Screening Communication<br \/><\/i>Volker Hoffmann, Sandra Klonteig, Ragnhild Halvorsrud, Jiaxin Li, Eilen Aalerud and Ameli Trop\u00e9<\/p>\t\t\t\t\t\t\t\t<\/div>\n\t\t\t\t<\/div>\n\t\t\t\t<\/div>\n\t\t<div id=\"e-n-tab-content-842456382\" role=\"tabpanel\" aria-labelledby=\"e-n-tab-title-842456382\" data-tab-index=\"2\" style=\"--n-tabs-title-order: 2;\" class=\" elementor-element elementor-element-c378a38 e-con-full e-flex e-con e-child\" data-id=\"c378a38\" data-element_type=\"container\" data-e-type=\"container\">\n\t\t\t\t<div class=\"elementor-element elementor-element-b0041c3 elementor-widget elementor-widget-text-editor\" data-id=\"b0041c3\" data-element_type=\"widget\" data-e-type=\"widget\" data-widget_type=\"text-editor.default\">\n\t\t\t\t<div class=\"elementor-widget-container\">\n\t\t\t\t\t\t\t\t\t<p><b>ICDH-CON-S4 (Session IV)<br \/><\/b><b>Health Data Management and Privacy<br \/><\/b><b>8:30 &#8211; 9:40<br \/><\/b><b>Room F3017<br \/><\/b><b>Session Chair: TBA<\/b><\/p><p style=\"padding-left: 40px\">CDH_REG_9: <i>Blockchain as a Service for Electronic Health Records<br \/><\/i>Suraj Gupta, Gwen Sala\u00fcn, Fr\u00e9d\u00e9ric Lang and Umar Ozeer<\/p><p style=\"padding-left: 40px\">CDH_REG_19: <i>A Cloud-Based, Multi-Modal Data Architecture for Post-Transplant Diabetes Management<br \/><\/i>Vince Siu, Carla Agurto, Michael Graziano, Takashi Itoh, Italo Buleje, Eduardo Castro, Jill Rusticelli, Shannon Downie, Kelly Paulus, Kimberly Jenkins, Guillermo Cecchi, Bing Dang and M. Cecilia Lansang<\/p><p style=\"padding-left: 40px\">CDH_REG_7: <i>Toward a foundation model for healthcare applications on single-camera gait analysis<br \/><\/i>Yasunori Yamada, Masatomo Kobayashi, Miyuki Nemoto, Miho Ota, Kiyotaka Nemoto and Tetsuaki Arai<\/p><p><b>ICDH-CON-S5 (Session V)<br \/><\/b><b>Health Data Management and Privacy<br \/><\/b><b>13:40 &#8211; 14:50<br \/><\/b><b>Room F3017<br \/><\/b><b>Session Chair: Bo Wen<\/b><\/p><p style=\"padding-left: 40px\">CDH_REG_46: <i>KITE+: A Knowledge Integration Platform to Support the Development of Multimodal, Large-Scale Data Analy<\/i><em>tics Applications with Alignment to Modern Data Protection Laws<\/em><br \/>Rodrigo Ordonez-Hurtado, Francesca Bonin, Tobia Boschi and Alessandra Pascale<\/p><p style=\"padding-left: 40px\">CDH_SHT_14: <i>Connecting Digital Health to High-Value Care: A Quasi-Experimental Evaluation of the Impact of Care Guides <\/i><em>with the Castlight App on Healthcare Costs and Utilization<\/em><br \/>Kertu Tenso and Alexander Macalalad<\/p><p style=\"padding-left: 40px\">CDH_SHT_35: <i>Evaluating Synthetic Electronic Health Record Data: A Multi-Metric Analysis of Generative Models<br \/><\/i>Suchit Bhai Patel, Tanisha Agarwal, Manik Gupta and Mei-Tai Chu<\/p><p><b>ICDH-CON-S6 (Session VI)<br \/><\/b><b>Neurodegenerative and Cognitive Disorders<br \/><\/b><b>15:10 &#8211; 16:20<br \/><\/b><b>Room F3017<br \/><\/b><b>Session Chair: Luca Palmerini<\/b><\/p><p style=\"padding-left: 40px\">CDH_REG_5: <i>Assisting Aging Adults With Memory Issues: An AI-Driven Video Monitoring Based Approach<br \/><\/i>Arshdeep Kaur and Shikharesh Majumdar<\/p><p style=\"padding-left: 40px\">CDH_REG_44: <i>CAtCh: Cognitive Assessment through Cookie Thief<br \/><\/i>Joseph Colonel, Carolyn Hagler, Guisselle Wismer, Laura Curtis, Jacqueline Becker, Juan Wisnivesky, Alex Federman and Gaurav Pandey<\/p><p style=\"padding-left: 40px\">CDH_SHT_30: <i>Early Dementia Risk Screening Using a Time-Domain NIRS\u2013Based Synthetic Brain Atrophy Indicator<br \/><\/i>Katsunori Oyama, Masamichi Moriya and Kaoru Sakatani<\/p><p style=\"padding-left: 40px\">CDH_SHT_32: <i>SMaRT-PD CDSS: A Service Improvement Initiative for Self-Management and Clinical Decision Support in Parkinson&#8217;s Disease &#8211; Development and Initial Validation<br \/><\/i>Precious Onyeachu, Katie Bounsall, Jemma Inches, Katie Hammett, Ryan Hunneman, Nicky Stapleton, Edward Meinert and Camille Carroll<\/p><p><b>ICDH-CON-S7 (Session VII)<br \/><\/b><b>Wearables and Monitoring Systems<br \/><\/b><b>16:20 &#8211; 17:10<br \/><\/b><b>Room F3017<br \/><\/b><b>Session Chair: Luca Palmerini<\/b><\/p><p style=\"padding-left: 40px\">CON_SHT_55: <i>Can motor outcomes extracted from wearables inform on non-motor clinical outcomes? The case of sensor-derived turning information<br \/><\/i>Jose Albites-Sanabria, Luca Palmerini, Stefania Bandinelli and Lorenzo Chiari<\/p><p style=\"padding-left: 40px\">CDH_REG_37: <i>Classification of Medication States in Parkinson&#8217;s Disease <\/i><i>Patients Through Gait Analysis<br \/><\/i>Sophia Ot\u00e1lora, Jose Albites-Sanabria, Syed Ahmar Shah, Jaap H. van Die\u00ebn, Marcus Dunn, Martina Mancini, Vrutangkumar Shah and Encarna Mico-Amigo<\/p><p style=\"padding-left: 40px\">CDH_SHT_17: <i>Feasibility study of seizure detection using commercial <\/i><i>smartwatches in EMU<br \/><\/i>Bing Dang, Andreas Alexopoulos, Nicholas Barra, Kristen Beck, Michael Graziano, Manqi Zhou, Balu Krishnan and Vince Siu<\/p><p style=\"padding-left: 40px\">CDH_WIP_8: <i>FAIR-Q: A Frequency-Adaptive Iterative and Robust<\/i><i> <br \/><\/i>Alejandro Ena, Claudia Mazz\u00e0, Shibeshih Mitiku Belachew and \u00d3scar Reyes<\/p><p style=\"padding-left: 40px\">CDH_WIP_15: <i>Situational Awareness and Health Monitoring System for the <\/i><i>First Responders and CBRN Units<br \/><\/i>Miroslav Bures, Pavel Smrcka, Tomas Vesely, Karel Frajtak, Tomas Novak, Jiri Balcarek, Jaroslava Souckova and Hynek Schvach<\/p>\t\t\t\t\t\t\t\t<\/div>\n\t\t\t\t<\/div>\n\t\t\t\t<\/div>\n\t\t<div id=\"e-n-tab-content-842456383\" role=\"tabpanel\" aria-labelledby=\"e-n-tab-title-842456383\" data-tab-index=\"3\" style=\"--n-tabs-title-order: 3;\" class=\" elementor-element elementor-element-da21e82 e-con-full e-flex e-con e-child\" data-id=\"da21e82\" data-element_type=\"container\" data-e-type=\"container\">\n\t\t\t\t<div class=\"elementor-element elementor-element-d58e357 elementor-widget elementor-widget-text-editor\" data-id=\"d58e357\" data-element_type=\"widget\" data-e-type=\"widget\" data-widget_type=\"text-editor.default\">\n\t\t\t\t<div class=\"elementor-widget-container\">\n\t\t\t\t\t\t\t\t\t<p><b>ICDH-CON-S8 (Session VIII)<br \/><\/b><b>Behavioral and Mental Health<br \/><\/b><b>8:30 &#8211; 9:40<br \/><\/b><b>Room F3017<br \/><\/b><b>Session Chair: Jeff Rogers<\/b><\/p><p style=\"padding-left: 40px\">Invited Talk: <em>Tools to Capture and Conceptualise Symptoms of Mental Health &#8211; A Funder&#8217;s Perspective<\/em><br \/>Matthew Brown<\/p><p style=\"padding-left: 40px\">CDH_SHT_16: <i>Actor-Independent Emotion Recognition: A Transformer-Based <\/i><i>Approach to Speech and Facial Feature Fusion<br \/><\/i>Fredy Rojas, Samaneh Madanian, John Michael Templeton, Christian Poellabauer, Sandra L. Schneider and Alice Theadom<\/p><p style=\"padding-left: 40px\">CDH_SHT_47: <i>Remote Assessment of Emotion Dynamics in Schizophrenia <\/i><i>using a Multimodal Dialog System<br \/><\/i>Signe Gram Sand, Michael Neumann, Hardik Kothare, David Pautler, Jean-Pierre Lindenmayer, Anzalee Khan, Beverly Insel, Danyah Nadim and Vikram Ramanarayanan<\/p><p style=\"padding-left: 40px\">CDH_WIP_6: <i>Capturing preferences of Non-verbal Autistic Children while <\/i><i>watching cartoons on YouTube<br \/><\/i>Roya Moeini, Sylvie Ratt\u00e9, Marc Yvon, Christel Beaujard, Pierre Andr\u00e9 M\u00e9nard and Laurent Mottron<\/p><p><b>ICDH-CON-S9 (Session IX)<br \/><\/b><b>Symposium &#8211; Harnessing the Power of AI to Enable Highly Personalized Anytime\/Anywhere Mental Health and Substance Use Care<\/b>\u00a0<br \/><b>11:10 &#8211; 12:20<br \/><\/b><b>Room F3017<br \/><\/b><b>Session Chair: Lisa Marsch<\/b><\/p><p style=\"padding-left: 40px\">Dr. Nicholas Jacobson<br \/>Dr. Michael Heinz<br \/>Dr. Varun Mishra<br \/>Moderator: Lisa Marsch<\/p><p><b>ICDH-CON-S10 (Session X)<br \/><\/b><b>Innovation in Digital Healthcare<br \/><\/b><b>13:40 &#8211; 14:50<br \/><\/b><b>Room F3017<br \/><\/b><b>Session Chair: TBA<\/b><\/p><p style=\"padding-left: 40px\">CON_REG_051: <i>Voice-based AI Agents: Filling the Economic Gaps in Digital Health Delivery<br \/><\/i>Bo Wen, Chen Wang, Qiwei Han, Raquel Norel, Julia Liu, Thaddeus Stappenbeck and Jeffrey L. Rogers<\/p><p style=\"padding-left: 40px\">CON_REG_050: <i>Unraveling Cocaine and Heroin Addiction Patterns: A Robust LLM Approach Using iRISA Elements to Analyze Short and Spontaneous Speech Samples<br \/><\/i>Carla Agurto, Bo Wen, Jeffrey Rogers, Sarah King, Nelly Alia-Klein, Guillermo A Cecchi and Rita Z Goldstein<\/p><p style=\"padding-left: 40px\">CDH_SHT_48: <i>Investigation and Analysis on Typical Service Models of Digital Elderly-Health-Care in China<br \/><\/i>Xuequan Zhou, Zhiying Tu, Dianhui Chu and Xiaofei Xu<\/p>\t\t\t\t\t\t\t\t<\/div>\n\t\t\t\t<\/div>\n\t\t\t\t<\/div>\n\t\t\t\t\t<\/div>\n\t\t<\/div>\n\t\t\t\t\t\t<\/div>\n\t\t\t\t<\/div>\n\t\t\t\t<\/div>\n\t\t\t\t\t<\/div>\n\t\t\t\t<\/div>\n\t\t<div class=\"elementor-element elementor-element-6ef85e93 e-flex e-con-boxed e-con e-parent\" data-id=\"6ef85e93\" data-element_type=\"container\" data-e-type=\"container\">\n\t\t\t\t\t<div class=\"e-con-inner\">\n\t\t\t\t\t<\/div>\n\t\t\t\t<\/div>\n\t\t\t\t<\/div>\n\t\t","protected":false},"excerpt":{"rendered":"<p>Part of the 2025 IEEE World Congress on SERVICES July 7-12Helsinki, Finland Home ICDH Program Call for Papers ICDH Organizers IEEE INTERNATIONAL CONFERENCE ON DIGITAL HEALTH ICDH 2025 &#8211; Conference Program Tuesday July 8 Wednesday July 9 Thursday July 10 ICDH-CON-S1 (Session I)AI and Machine Learning for Healthcare10:50 &#8211; 12:00\u00a0Room F3017Session Chair: Qiwei Han CDH_REG_29: [&hellip;]<\/p>\n","protected":false},"author":4,"featured_media":0,"parent":0,"menu_order":0,"comment_status":"closed","ping_status":"closed","template":"elementor_theme","meta":{"footnotes":""},"class_list":["post-536","page","type-page","status-publish","hentry"],"featured_image_src":null,"featured_image_src_square":null,"_links":{"self":[{"href":"https:\/\/services.conferences.computer.org\/2025\/wp-json\/wp\/v2\/pages\/536","targetHints":{"allow":["GET"]}}],"collection":[{"href":"https:\/\/services.conferences.computer.org\/2025\/wp-json\/wp\/v2\/pages"}],"about":[{"href":"https:\/\/services.conferences.computer.org\/2025\/wp-json\/wp\/v2\/types\/page"}],"author":[{"embeddable":true,"href":"https:\/\/services.conferences.computer.org\/2025\/wp-json\/wp\/v2\/users\/4"}],"replies":[{"embeddable":true,"href":"https:\/\/services.conferences.computer.org\/2025\/wp-json\/wp\/v2\/comments?post=536"}],"version-history":[{"count":0,"href":"https:\/\/services.conferences.computer.org\/2025\/wp-json\/wp\/v2\/pages\/536\/revisions"}],"wp:attachment":[{"href":"https:\/\/services.conferences.computer.org\/2025\/wp-json\/wp\/v2\/media?parent=536"}],"curies":[{"name":"wp","href":"https:\/\/api.w.org\/{rel}","templated":true}]}}