{"id":59,"date":"2024-10-22T00:38:46","date_gmt":"2024-10-22T00:38:46","guid":{"rendered":"https:\/\/services.conferences.computer.org\/2025\/organizers\/"},"modified":"2025-07-06T13:37:46","modified_gmt":"2025-07-06T13:37:46","slug":"organizers","status":"publish","type":"page","link":"https:\/\/services.conferences.computer.org\/2025\/organizers\/","title":{"rendered":"Organizers"},"content":{"rendered":"\t\t<div data-elementor-type=\"wp-page\" data-elementor-id=\"59\" class=\"elementor elementor-59\" data-elementor-post-type=\"page\">\n\t\t\t\t<div class=\"elementor-element elementor-element-312a3838 e-flex e-con-boxed e-con e-parent\" data-id=\"312a3838\" data-element_type=\"container\" data-e-type=\"container\" data-settings=\"{&quot;background_background&quot;:&quot;classic&quot;}\">\n\t\t\t\t\t<div class=\"e-con-inner\">\n\t\t<div class=\"elementor-element elementor-element-75967632 e-con-full e-flex e-con e-child\" data-id=\"75967632\" data-element_type=\"container\" data-e-type=\"container\" data-settings=\"{&quot;background_background&quot;:&quot;classic&quot;}\">\n\t\t\t\t<div class=\"elementor-element elementor-element-a3a5c60 elementor-widget elementor-widget-text-editor\" data-id=\"a3a5c60\" data-element_type=\"widget\" data-e-type=\"widget\" data-widget_type=\"text-editor.default\">\n\t\t\t\t<div class=\"elementor-widget-container\">\n\t\t\t\t\t\t\t\t\t<h2><span style=\"color: #ffffff\"><span style=\"color: #000000\">2025 IEEE World Congress on SERVICES &#8211; Organizing Committee<\/span><\/span><\/h2><p><strong><span style=\"color: #000000\">Congress Steering Committee<br \/><\/span><\/strong><span style=\"color: #000000\">Rong N. Chang, IBM Researc<\/span><span style=\"color: #000000\">h, Yor<\/span><span style=\"color: #000000\">ktown (Chair)<\/span><span style=\"color: #000000\"><br \/>Carl K. Chang, Iowa State University (Chair Emeritus)<br \/>Elisa Bertino, Purdue University<br \/>Peter Chen, Carnegie Mellon University<br \/>Ernesto Damiani, University of Milan<br \/>Sumi Helal, University of Bologna<br \/>Hong Mei, Peking University<br \/>Dejan Milojicic, Hewlett Packard Labs<br \/>Dennis Gannon, Indiana University<br \/>Frank Leymann, University of Stuttgart<br \/>Stephen S. Yau, Arizona State University<\/span><\/p><p><strong>2025 TCSVC Chair<\/strong><br \/>Shangguang Wang, BUPT<\/p><p><strong>2025 Congress Honorary Chair<\/strong><br \/>Stephen S. Yau, Arizona State University<\/p><p><strong>2025 Congress General Chairs<\/strong><br \/>Sumi Helal, University of Bologna<br \/>Sasu Tarkoma, University of Helsinki<\/p><p><strong><span style=\"color: #000000\">2025 Congress Program Chairs<\/span><\/strong><br \/>Qiang He, Huazhong University of Technology<br \/>Tevfik Kosar, University of Buffalo<br \/>Claudio Ardagna, University of Milan<\/p><p><strong><span style=\"color: #000000\">2025 Finance Committee <\/span><\/strong><br \/><span style=\"color: #000000\">Wensheng Zhang, Iowa State University (Chair)<br \/>Carl K. Chang, Iowa State University<br \/>Rong N. Chang, IBM Research, Yorktown<br \/>Sumi Helal, University of Bologna<br \/>Sasu Tarkoma, University of Helsinki<br \/><\/span><\/p><p><strong>2025 Award Chair<br \/><\/strong>Carl K. Chang, Iowa State University<\/p><p><strong>2025 Congress Local Committee<br \/><\/strong>Naser Hossein Motlagh, University of Helsinki (Chair)<br \/>Jacky Cao, University of Helsinki<br \/>Xiaoli Liu, University of Helsinki<br \/>Andrew Rebeiro-Hargrave, University of Helsinki<\/p><p><strong>2025 Chair&#8217;s Papers Committee<\/strong><br \/>Rong N. Chang, IBM Research, Yorktown (Chair)<\/p><p><strong>2025 Congress Symposia Chairs<br \/><\/strong>Michael Sheng, Macquarie University<br \/>Xiaofei Xu, Harbin Institute of Technology<\/p><p><b>Registration Chairs<br \/><\/b>Katsunori Oyama, Nihon University, Japan<br \/>Ahmed Khaled, Northeastern Illinois University, USA<\/p><p><b>Sponsorship Chairs<br \/><\/b>Sasu Tarkoma, University of Helsinki, Finland<br \/>Xuanzhe Liu, Peking University, China<\/p><p><strong>WISC Scholarship Chair<\/strong><br \/>Lorraine Herger, IBM Research, Yorktown<\/p><p><strong>2025 Congress Publication Team<\/strong><br \/>Jingwei Yang (Senior Publication Chair), <span lang=\"EN-US\">The Hong Kong University of Science and Technology (Guangzhou)<\/span><br \/>Nimanthi Atukorala, Augsburg University<br \/>Dan Chen, Beijing Normal-Hong Kong Baptist University<\/p><div><strong>2025 Publicity Chair<\/strong><br \/>Yutao Ma, Central China Normal University<\/div><div>\u00a0<\/div><div><strong>2025 Web Chairs<\/strong><br \/>Laurel Ming, University of Michigan-Flint<br \/>Boyu Fan, University of Helsinki<\/div><div>\u00a0<\/div><div><strong>IEEE Event Program Manager<\/strong><br \/>Kathy Park, IEEE Computer Society<\/div><div>\u00a0<\/div><div><strong>IEEE Conferences &amp; Events<\/strong><\/div><div>Laura Perry, IEEE Computer Society<\/div><div>\u00a0<\/div><div><strong>IEEE Conference Operations<\/strong><\/div><div>Silvia Ceballos, IEEE Computer Society<\/div><div>\u00a0<\/div><div><strong>IEEE CPS<\/strong><\/div><div>Patrick Kellenberger, IEEE Computer Society<\/div><div>Lisa O&#8217;Connor, IEEE Computer Society<\/div><div>\u00a0<\/div><div><strong>IEEE Registration<\/strong><\/div><div>Tricia Yamaguchi, IEEE Computer Society<\/div><div>\u00a0<\/div>\t\t\t\t\t\t\t\t<\/div>\n\t\t\t\t<\/div>\n\t\t\t\t<\/div>\n\t\t<div class=\"elementor-element elementor-element-29ecbd9a e-con-full e-flex e-con e-child\" data-id=\"29ecbd9a\" data-element_type=\"container\" data-e-type=\"container\" data-settings=\"{&quot;background_background&quot;:&quot;classic&quot;}\">\n\t\t\t\t<div class=\"elementor-element elementor-element-6aa839d6 elementor-widget elementor-widget-text-editor\" data-id=\"6aa839d6\" data-element_type=\"widget\" data-e-type=\"widget\" data-widget_type=\"text-editor.default\">\n\t\t\t\t<div class=\"elementor-widget-container\">\n\t\t\t\t\t\t\t\t\t<h2><span style=\"color: #ffffff\"><span style=\"color: #000000\">2025 IEEE World Congress on SERVICES &#8211; Conference Committees<\/span><\/span><\/h2><h3>IEEE CLOUD 2025<\/h3><p><strong>General Chair<br \/><\/strong>Hubertus Franke, IBM Research, Yorktown<\/p><p><strong>Program Chairs<br \/><\/strong>Yehia Elkhatib, University of Glasgow<br \/>Petteri Nurmi, University of Helsinki<br \/>Santonu Sarkar, Birla Institute of Technology &amp; Science<\/p><h3>IEEE EDGE 2025<\/h3><p><strong>General Chairs<br \/><\/strong>Aaron Ding, TU Delft<br \/>Omer Rana, Cardiff University<\/p><p><strong>Program Chairs<br \/><\/strong>Feras Awaysheh, University of Tartu<br \/>Volker Hilt, Nokia Bell Labs<br \/>Yogesh Simmhan, Indian Institute of Science<\/p><h3>IEEE ICDH 2025<\/h3><p><strong>General Chair<br \/><\/strong>Jeff Rogers, IBM Research, Yorktown<\/p><p><strong>Program Chairs<br \/><\/strong>Luca Palmerini, University of Bologna<br \/>Carl Saab, Cleveland Clinic<br \/>Bo Wen, IBM Research, Yorktown<\/p><p><strong>Publicity Chair<br \/><\/strong>Bing Dang, IBM Research<\/p><h3>IEEE ICWS 2025<\/h3><p><strong>General Chairs<br \/><\/strong>Boualem Benatallah, Dublin City University<br \/>Zhongjie Wang, Harbin Institute of Technology<\/p><p><strong>Program Chairs<br \/><\/strong>Amin Beheshti, Macquarie University<br \/>Bo Cheng, BUPT<br \/>Walid Gaaloul, Telecom SudParis<\/p><h3>IEEE QSW 2025<\/h3><p><strong>General Chairs<br \/><\/strong>Johanna Barzen, University of Stuttgart<br \/>Frank Leymann, University of Stuttgart<\/p><p><strong>Program Chairs<br \/><\/strong>Sebastian Feld, Delft University of Technology<br \/>Elisabetta di Nitto, Politecnico Milano<br \/>Manuel Wimmer, University of Linz<\/p><p><strong>Publicity Chair<br \/><\/strong>Akash Kundu, University of Helsinki<\/p><h3>IEEE SSE 2025<\/h3><p><strong>General Chairs<br \/><\/strong>Bouchra Bouqata, Microsoft Azure Research<br \/>Tiberiu Seceleanu, M\u00e4lardalen University<\/p><p><strong>Program Chairs<br \/><\/strong>Javier Berrocal, University of Extremadura<br \/>Kaoutar El Maghaouri, IBM Research, Yorktown<br \/>Yanchun Sun, Peking University<\/p><h3>Congress Review Committee on Chair&#8217;s Papers<\/h3><p>Vikas Agarwal, IBM Research, India<br \/>Awais Ahmad, Imam Mohammad Ibn Saud Islamic University (IMSIU)<br \/>Moayad Aloqaily, Mohamed Bin Zayed University of Artificial Intelligence (MBZUAI)<br \/>Jafar A. Alzubi, Al-Balqa Applied University<br \/>Raja Rao Budaraju, Oracle America<br \/>Tao Chen, University of Birmingham<br \/>Xiangping Chen, Sun Yat-sen University<br \/>Brenda Curtis, National Institute on Drug Abuse<br \/>Silvia Del Din, Newcastle University<br \/>Li Duan, Beijing Jiaotong University<br \/>Khalid Elgazzar, Ontario Tech University<br \/>Massimiliano Garda, University of Brescia<br \/>Antonio Garmendia, Universidad Rey Juan Carlos<br \/>Aniruddha Gokhale, Vanderbilt University<br \/>\u00d6mer Melih G\u00fcl, Istanbul Technical University (\u0130T\u00dc)<br \/>Zehua Guo, Beijing Institute of Technology<br \/>Sara Hassan, Birmingham City University<br \/>Michael Heinz, Dartmouth College<br \/>Khaza Anuarul Hoque, University of Missouri<br \/>Akash Kundu, University of Helsinki<br \/>Kuang Li, Central South University<br \/>Sen Liu, Fudan University<br \/>Xiao Ma, Beijing University of Posts and Telecommunications (BUPT)<br \/>Lisa A. Marsch, Dartmouth College<br \/>Luca Menghini, University of Padova<br \/>Scott J. Moeller, Stony Brook University<br \/>Pedro Rivero, IBM Research, Yorktown<br \/>Utkarsh Shah, Google Research<br \/>Hossain Shahriar, University of West Florida<br \/>Satish Narayana Srirama, University of Hyderabad<br \/>Bhavani Thuraisingham, University of Texas, Dallas<br \/>Refael Tikochinski, University College London<br \/>Demetris Trihinas, University of Nicosia<br \/>Massimo Villari, University of Messina<br \/>Katrine L. Whiteson, University of California, Irvine<br \/>Hongyue Wu, Tianjing University<br \/>Minghao Ye, New York University<br \/>Jianwei Yin, Zhejiang University<br \/>Bo Yuan, Rutgers University<br \/>Pengcheng Zhang, Hohai university<br \/>Yan Zheng, Xidian University<br \/>Guobing Zou, Shanghai University<\/p>\t\t\t\t\t\t\t\t<\/div>\n\t\t\t\t<\/div>\n\t\t\t\t<\/div>\n\t\t\t\t\t<\/div>\n\t\t\t\t<\/div>\n\t\t\t\t<\/div>\n\t\t","protected":false},"excerpt":{"rendered":"<p>2025 IEEE World Congress on SERVICES &#8211; Organizing Committee Congress Steering CommitteeRong N. Chang, IBM Research, Yorktown (Chair)Carl K. Chang, Iowa State University (Chair Emeritus)Elisa Bertino, Purdue UniversityPeter Chen, Carnegie Mellon UniversityErnesto Damiani, University of MilanSumi Helal, University of BolognaHong Mei, Peking UniversityDejan Milojicic, Hewlett Packard LabsDennis Gannon, Indiana UniversityFrank Leymann, University of StuttgartStephen S. [&hellip;]<\/p>\n","protected":false},"author":2,"featured_media":0,"parent":0,"menu_order":0,"comment_status":"closed","ping_status":"closed","template":"","meta":{"footnotes":""},"class_list":["post-59","page","type-page","status-publish","hentry"],"featured_image_src":null,"featured_image_src_square":null,"_links":{"self":[{"href":"https:\/\/services.conferences.computer.org\/2025\/wp-json\/wp\/v2\/pages\/59","targetHints":{"allow":["GET"]}}],"collection":[{"href":"https:\/\/services.conferences.computer.org\/2025\/wp-json\/wp\/v2\/pages"}],"about":[{"href":"https:\/\/services.conferences.computer.org\/2025\/wp-json\/wp\/v2\/types\/page"}],"author":[{"embeddable":true,"href":"https:\/\/services.conferences.computer.org\/2025\/wp-json\/wp\/v2\/users\/2"}],"replies":[{"embeddable":true,"href":"https:\/\/services.conferences.computer.org\/2025\/wp-json\/wp\/v2\/comments?post=59"}],"version-history":[{"count":0,"href":"https:\/\/services.conferences.computer.org\/2025\/wp-json\/wp\/v2\/pages\/59\/revisions"}],"wp:attachment":[{"href":"https:\/\/services.conferences.computer.org\/2025\/wp-json\/wp\/v2\/media?parent=59"}],"curies":[{"name":"wp","href":"https:\/\/api.w.org\/{rel}","templated":true}]}}